{"id":685,"date":"2024-11-28T21:31:58","date_gmt":"2024-11-28T20:31:58","guid":{"rendered":"https:\/\/control-advent.com\/?page_id=685"},"modified":"2024-11-28T21:33:09","modified_gmt":"2024-11-28T20:33:09","slug":"about","status":"publish","type":"page","link":"https:\/\/control-advent.com\/?page_id=685","title":{"rendered":"Sobre n\u00f3s"},"content":{"rendered":"\n<p><em><strong><strong>Sobre o Calend\u00e1rio do Advento de Controlo 2024<\/strong><\/strong><\/em><\/p>\n\n\n\n<p>Bem-vindo(a) ao Calend\u00e1rio do Advento de Controlo 2024 \u2013 uma forma \u00fanica e festiva de explorar o mundo do Controlo Autom\u00e1tico! Aberto a participantes de todas as origens, esta iniciativa encoraja todos, independentemente de experi\u00eancia pr\u00e9via em Engenharia de Controlo, a envolverem-se com quest\u00f5es di\u00e1rias que destacam problemas do mundo real e o papel dos engenheiros(as) de controlo na sua resolu\u00e7\u00e3o. Criado gra\u00e7as \u00e0 colabora\u00e7\u00e3o entre acad\u00e9micos de v\u00e1rias universidades como a The University of Sheffield (Reino Unido), Universit\u00e0 di Brescia (It\u00e1lia), TU Berlin (Alemanha), Universitetet i Stavanger (Noruega), NTNU (Noruega), Politecnico di Bari (It\u00e1lia), Politecnico di Milano (It\u00e1lia), Universit\u00e0 di Palermo (It\u00e1lia), Universit\u00e0 di Pisa (It\u00e1lia), Universit\u00e0 di Padova (It\u00e1lia), Universidade de Tr\u00e1s-os-Montes e Alto Douro (Portugal) e Universidade do Porto (Portugal) \u2013 o calend\u00e1rio conta tamb\u00e9m com o patroc\u00ednio do IFAC Activity Fund. O\u00a0<s>Ice-cold Festivities Arrangement Council<\/s> <a href=\"https:\/\/www.ifac-control.org\" data-type=\"link\" data-id=\"https:\/\/www.ifac-control.org\">International Federation of Automatic Control (IFAC)<\/a>\u00a0\u00e9 uma organiza\u00e7\u00e3o global que promove a investiga\u00e7\u00e3o e a educa\u00e7\u00e3o em Engenharia de Controlo, ajudando-nos a gerir e controlar sistemas complexos em muitas \u00e1reas da vida.<\/p>\n\n\n\n<p><em><strong><strong>O que \u00e9 o Controlo Autom\u00e1tico?<\/strong><\/strong><\/em><\/p>\n\n\n\n<p>O Controlo Autom\u00e1tico est\u00e1 em todo o lado! \u00c9 a ci\u00eancia de fazer os sistemas funcionarem por si pr\u00f3prios para alcan\u00e7ar objetivos espec\u00edficos sem necessidade de interven\u00e7\u00e3o constante por parte dos humanos. Imagine coisas como o controlo de velocidade nos carros, o piloto autom\u00e1tico nos avi\u00f5es ou at\u00e9 os rob\u00f4s nas f\u00e1bricas. Os engenheiros de controlo usam matem\u00e1tica, tecnologia e compet\u00eancias de resolu\u00e7\u00e3o de problemas para projetar sistemas que respondem adequadamente a diferentes situa\u00e7\u00f5es. Desde o controlo clim\u00e1tico em edif\u00edcios at\u00e9 dispositivos m\u00e9dicos avan\u00e7ados, o controlo autom\u00e1tico \u00e9 fundamental para melhorar e gerir in\u00fameras tecnologias das quais dependemos diariamente.<\/p>\n\n\n\n<p><em><strong><strong>O que pode esperar?<\/strong><\/strong><\/em><\/p>\n\n\n\n<p>De 1 a 24 de dezembro, uma nova quest\u00e3o ser\u00e1 revelada todos os dias no nosso site dedicado. Estas quest\u00f5es s\u00e3o desenhadas para serem acess\u00edveis, divertidas e relacionadas com o dia a dia, oferecendo aos participantes uma forma descontra\u00edda de compreender os princ\u00edpios fundamentais do controlo sem necessidade de forma\u00e7\u00e3o t\u00e9cnica. A solu\u00e7\u00e3o incluir\u00e1 uma explica\u00e7\u00e3o da relev\u00e2ncia da quest\u00e3o para problemas quotidianos e para as carreiras em Engenharia de Controlo.<\/p>\n\n\n\n<p><em><strong><strong>Quem pode participar?<\/strong><\/strong><\/em><\/p>\n\n\n\n<p>A participa\u00e7\u00e3o \u00e9 incentivada a estudantes, entusiastas e mentes curiosas de todo o mundo. Seja um aluno do ensino secund\u00e1rio, um estudante universit\u00e1rio ou algu\u00e9m simplesmente interessado em aprender mais sobre Engenharia de Controlo, este calend\u00e1rio oferece algo para todos!<\/p>\n\n\n\n<p><em><strong><strong>Pr\u00e9mios e Reconhecimentos<\/strong><\/strong><\/em><\/p>\n\n\n\n<p>Para celebrar a diversidade de participantes, ser\u00e3o atribu\u00eddos certificados em v\u00e1rias categorias com base no pa\u00eds e na ocupa\u00e7\u00e3o, como \u201cMelhor Estudante do Ensino Secund\u00e1rio na Noruega\u201d ou \u201cMelhor Estudante Universit\u00e1rio em Espanha\u201d.\u00a0\u00a0 A cria\u00e7\u00e3o de pr\u00e9mios espec\u00edficos depender\u00e1 de uma participa\u00e7\u00e3o suficiente dentro de cada pa\u00eds ou ocupa\u00e7\u00e3o. Caso isso n\u00e3o seja alcan\u00e7ado, os pa\u00edses ou ocupa\u00e7\u00f5es poder\u00e3o ser agrupados de acordo com o esquema geogr\u00e1fico das Na\u00e7\u00f5es Unidas para garantir um reconhecimento justo e inclusivo. Os pontos ser\u00e3o atribu\u00eddos por respostas corretas, com a pontua\u00e7\u00e3o m\u00e1xima dada se a quest\u00e3o for respondida dentro de 24 horas ap\u00f3s a sua publica\u00e7\u00e3o. Ap\u00f3s este per\u00edodo, os pontos diminuir\u00e3o gradualmente at\u00e9 a solu\u00e7\u00e3o ser revelada no site a 1 de janeiro de 2025.<\/p>\n\n\n\n<p><em><strong><strong>Junte-se a N\u00f3s!<\/strong><\/strong><\/em><\/p>\n\n\n\n<p>Junte-se a n\u00f3s na promo\u00e7\u00e3o da Engenharia de Controlo de uma forma divertida e festiva. Teste as suas compet\u00eancias de resolu\u00e7\u00e3o de problemas e talvez ganhe um pr\u00e9mio!<\/p>\n\n\n\n<p><em><strong><strong>Comit\u00e9 Organizador:<\/strong><\/strong><\/em><\/p>\n\n\n\n<p>Prof<sup>a<\/sup>. Steffi Knorn (TU Berlin)<br>Dr. Damiano Rotondo (Universitetet i Stavanger)<br>Dr<sup>a<\/sup>. Helem S\u00e1nchez (Hafrsfjord Skole)<br>Prof. Damiano Varagnolo (NTNU\/Universit\u00e0 di Padova)<\/p>\n\n\n\n<p><\/p>\n","protected":false},"excerpt":{"rendered":"<p>Sobre o Calend\u00e1rio do Advento de Controlo 2024 Bem-vindo(a) ao Calend\u00e1rio do Advento de Controlo 2024 \u2013 uma forma \u00fanica e festiva de explorar o mundo do Controlo Autom\u00e1tico! Aberto a participantes de todas as origens, esta iniciativa encoraja todos, &hellip; <span class=\"more-link\"><a href=\"https:\/\/control-advent.com\/?page_id=685\" class=\"readmore\">Continue reading<span class=\"screen-reader-text\">Sobre n\u00f3s<\/span><\/a><\/span><\/p>\n","protected":false},"author":1,"featured_media":0,"parent":0,"menu_order":0,"comment_status":"closed","ping_status":"closed","template":"","meta":{"footnotes":""},"class_list":["post-685","page","type-page","status-publish","hentry"],"_links":{"self":[{"href":"https:\/\/control-advent.com\/index.php?rest_route=\/wp\/v2\/pages\/685","targetHints":{"allow":["GET"]}}],"collection":[{"href":"https:\/\/control-advent.com\/index.php?rest_route=\/wp\/v2\/pages"}],"about":[{"href":"https:\/\/control-advent.com\/index.php?rest_route=\/wp\/v2\/types\/page"}],"author":[{"embeddable":true,"href":"https:\/\/control-advent.com\/index.php?rest_route=\/wp\/v2\/users\/1"}],"replies":[{"embeddable":true,"href":"https:\/\/control-advent.com\/index.php?rest_route=%2Fwp%2Fv2%2Fcomments&post=685"}],"version-history":[{"count":2,"href":"https:\/\/control-advent.com\/index.php?rest_route=\/wp\/v2\/pages\/685\/revisions"}],"predecessor-version":[{"id":723,"href":"https:\/\/control-advent.com\/index.php?rest_route=\/wp\/v2\/pages\/685\/revisions\/723"}],"wp:attachment":[{"href":"https:\/\/control-advent.com\/index.php?rest_route=%2Fwp%2Fv2%2Fmedia&parent=685"}],"curies":[{"name":"wp","href":"https:\/\/api.w.org\/{rel}","templated":true}]}}