{"id":91,"date":"2024-11-01T12:46:52","date_gmt":"2024-11-01T10:46:52","guid":{"rendered":"https:\/\/control-advent.com\/?page_id=91"},"modified":"2025-11-28T19:47:12","modified_gmt":"2025-11-28T18:47:12","slug":"uber-uns","status":"publish","type":"page","link":"https:\/\/control-advent.com\/?page_id=91&lang=de","title":{"rendered":"\u00dcber uns"},"content":{"rendered":"\n<p><strong>\u00dcber den Regelungstechnik-Adventskalender<\/strong><\/p>\n\n\n\n<p>Willkommen zum Regelungstechnik-Adventskalender \u2013 eine ganz besondere und festliche Art, die Welt der Regelungstechnik zu entdecken! Dieses Angebot steht Teilnehmerinnen und Teilnehmern aller Hintergr\u00fcnde offen und l\u00e4dt dazu ein, sich \u2013 unabh\u00e4ngig von Vorkenntnissen in der Regelungstechnik \u2013 t\u00e4glich mit neuen Fragen auseinanderzusetzen. Diese Fragen beleuchten reale Probleme und zeigen die Rolle der Regelungsingenieure bei deren L\u00f6sung auf.<\/p>\n\n\n\n<p>Der Kalender wird von Akademiker*innen und Regelungstechnik*innen verschiedener Universit\u00e4ten weltweit organisiert \u2013 darunter Institutionen wie die University of Sheffield (UK), Universit\u00e0 di Brescia (Italien), TU Berlin (Deutschland), Universitetet i Stavanger (Norwegen), NTNU (Norwegen), Politecnico di Bari (Italien), Politecnico di Milano (Italien), Universit\u00e0 di Palermo (Italien), Universit\u00e0 di Pisa (Italien), Universit\u00e0 di Padova (Italien), Universidade de Tr\u00e1s-os-Montes e Alto Douro (Portugal) und Universidade do Porto (Portugal). Mit Stolz wird das Projekt zudem vom IFAC Activity Fund gesponsert. Die <s>Ice-cold Festivities Arrangement Council<\/s> <a href=\"https:\/\/www.ifac-control.org\" data-type=\"link\" data-id=\"https:\/\/www.ifac-control.org\">International Federation of Automatic Control (IFAC)<\/a> ist eine internationale Organisation, die Forschung und Bildung in der Regelungstechnik f\u00f6rdert, um komplexe Systeme in vielen Bereichen des Lebens besser verstehen und regeln zu k\u00f6nnen.<\/p>\n\n\n\n<p><strong>Was ist Regelungstechnik?<\/strong><\/p>\n\n\n\n<p>Regelungstechnik ist \u00fcberall um uns herum! Sie ist die Wissenschaft, die Systeme so gestaltet, dass sie eigenst\u00e4ndig arbeiten und bestimmte Ziele erreichen, ohne st\u00e4ndige Eingaben von Menschen zu ben\u00f6tigen. Denken Sie an Tempomaten in Autos, Autopiloten in Flugzeugen oder Roboter in Fabriken. Regelungsingenieur*innen nutzen Mathematik, Technologie und Probleml\u00f6sungsf\u00e4higkeiten, um Systeme zu entwerfen, die auf verschiedene Situationen richtig reagieren. Von der Klimaanlagenregelung in Geb\u00e4uden bis hin zu fortschrittlichen medizinischen Ger\u00e4ten \u2013 die Regelungstechnik spielt eine entscheidende Rolle bei der Verbesserung und Regelung zahlreicher Technologien, auf die wir t\u00e4glich angewiesen sind.<\/p>\n\n\n\n<p><strong>Was Sie erwartet<\/strong><\/p>\n\n\n\n<p>Vom 1. bis zum 24. Dezember wird jeden Tag eine neue Frage auf dieser Website ver\u00f6ffentlicht. Diese Fragen sind so gestaltet, dass sie f\u00fcr m\u00f6glichst alle verst\u00e4ndlich, unterhaltsam und nachvollziehbar sind. Sie bieten den Teilnehmer*innen eine spielerische M\u00f6glichkeit, grundlegende Prinzipien der Regelungstechnik zu verstehen, ohne dass technische Vorkenntnisse erforderlich sind. Die L\u00f6sung enth\u00e4lt eine Erkl\u00e4rung zur Bedeutung der Frage f\u00fcr allt\u00e4gliche Herausforderungen und f\u00fcr Berufe in der Regelungstechnik.<\/p>\n\n\n\n<p><strong>Wer kann teilnehmen?<\/strong><\/p>\n\n\n\n<p>Teilnahme ist f\u00fcr Sch\u00fclerinnen und Sch\u00fcler, Studierende, Technikbegeisterte und neugierige K\u00f6pfe aus aller Welt willkommen. Ob Sie Sch\u00fcler, Studierende oder einfach jemand sind, der mehr \u00fcber Regelungstechnik erfahren m\u00f6chte \u2013 dieser Adventskalender bietet f\u00fcr jeden etwas!<\/p>\n\n\n\n<p><strong>Auszeichnungen und Anerkennung<\/strong><\/p>\n\n\n\n<p>Um die Vielfalt der Teilnehmer zu w\u00fcrdigen, werden Zertifikate in verschiedenen Kategorien je nach Land und Beruf vergeben, wie zum Beispiel \u201eBeste*r Sch\u00fcler*in in Norwegen\u201c oder \u201eBeste*r Universit\u00e4tsstudent*in in Spanien\u201c. Die Schaffung spezifischer Auszeichnungen h\u00e4ngt von einer ausreichenden Beteiligung innerhalb eines Landes oder Berufs ab. Wird dies nicht erreicht, k\u00f6nnen L\u00e4nder oder Berufe gem\u00e4\u00df dem Geoschema der Vereinten Nationen gruppiert werden, um eine faire und umfassende Anerkennung zu gew\u00e4hrleisten. F\u00fcr richtige Antworten werden Punkte vergeben, wobei die maximale Punktzahl erzielt wird, wenn die Frage innerhalb von 24 Stunden nach ihrer Ver\u00f6ffentlichung beantwortet wird. Nach diesem Zeitraum verringern sich die Punkte allm\u00e4hlich bis zum 31. Dezember.<\/p>\n\n\n\n<p><strong>Machen Sie mit!<\/strong><\/p>\n\n\n\n<p>Sein Sie dabei und helfen Sie uns, die Regelungstechnik auf eine unterhaltsame und festliche Weise bekannter zu machen. Stellen Sie Ihre Probleml\u00f6sungsf\u00e4higkeiten auf die Probe \u2013 und vielleicht gewinnen Sie sogar eine Auszeichnung!<\/p>\n\n\n\n<p><strong>Organisationskomitee:<\/strong><\/p>\n\n\n\n<p>Prof. Steffi Knorn (TU Berlin)<br>Prof. Damiano Varagnolo (NTNU\/Universit\u00e0 di Padova)<\/p>\n\n\n\n<p><\/p>\n","protected":false},"excerpt":{"rendered":"<p>\u00dcber den Regelungstechnik-Adventskalender Willkommen zum Regelungstechnik-Adventskalender \u2013 eine ganz besondere und festliche Art, die Welt der Regelungstechnik zu entdecken! Dieses Angebot steht Teilnehmerinnen und Teilnehmern aller Hintergr\u00fcnde offen und l\u00e4dt dazu ein, sich \u2013 unabh\u00e4ngig von Vorkenntnissen in der Regelungstechnik &hellip; <span class=\"more-link\"><a href=\"https:\/\/control-advent.com\/?page_id=91&#038;lang=de\" class=\"readmore\">Continue reading<span class=\"screen-reader-text\">\u00dcber uns<\/span><\/a><\/span><\/p>\n","protected":false},"author":1,"featured_media":0,"parent":0,"menu_order":0,"comment_status":"closed","ping_status":"closed","template":"","meta":{"footnotes":""},"class_list":["post-91","page","type-page","status-publish","hentry"],"_links":{"self":[{"href":"https:\/\/control-advent.com\/index.php?rest_route=\/wp\/v2\/pages\/91","targetHints":{"allow":["GET"]}}],"collection":[{"href":"https:\/\/control-advent.com\/index.php?rest_route=\/wp\/v2\/pages"}],"about":[{"href":"https:\/\/control-advent.com\/index.php?rest_route=\/wp\/v2\/types\/page"}],"author":[{"embeddable":true,"href":"https:\/\/control-advent.com\/index.php?rest_route=\/wp\/v2\/users\/1"}],"replies":[{"embeddable":true,"href":"https:\/\/control-advent.com\/index.php?rest_route=%2Fwp%2Fv2%2Fcomments&post=91"}],"version-history":[{"count":10,"href":"https:\/\/control-advent.com\/index.php?rest_route=\/wp\/v2\/pages\/91\/revisions"}],"predecessor-version":[{"id":1444,"href":"https:\/\/control-advent.com\/index.php?rest_route=\/wp\/v2\/pages\/91\/revisions\/1444"}],"wp:attachment":[{"href":"https:\/\/control-advent.com\/index.php?rest_route=%2Fwp%2Fv2%2Fmedia&parent=91"}],"curies":[{"name":"wp","href":"https:\/\/api.w.org\/{rel}","templated":true}]}}